{"id":57899,"date":"2023-07-08T08:51:28","date_gmt":"2023-07-08T06:51:28","guid":{"rendered":"https:\/\/charleroi-pourlapalestine.be\/?page_id=57899"},"modified":"2023-07-08T08:51:32","modified_gmt":"2023-07-08T06:51:32","slug":"l-autorite-palestinienne-fait-notre-travail-a-notre-place-affirme-netanyahou","status":"publish","type":"page","link":"https:\/\/charleroi-pourlapalestine.be\/index.php\/l-autorite-palestinienne-fait-notre-travail-a-notre-place-affirme-netanyahou\/","title":{"rendered":"L\u2019Autorit\u00e9 palestinienne <em>\u00ab fait notre travail \u00e0 notre place \u00bb<\/em>, affirme Netanyahou"},"content":{"rendered":"<p><em>\u00ab Nous avons besoin de l\u2019Autorit\u00e9 palestinienne \u00bb<\/em>, affirme le Premier ministre isra\u00e9lien Benjamin Netanyahou. <em>\u00ab Nous ne pouvons la laisser s\u2019\u00e9crouler. \u00bb<\/em><\/p>\n<p>&nbsp;<\/p>\n<div id=\"attachment_57906\" style=\"width: 810px\" class=\"wp-caption aligncenter\"><img loading=\"lazy\" decoding=\"async\" aria-describedby=\"caption-attachment-57906\" class=\"wp-image-57906 size-full\" src=\"https:\/\/charleroi-pourlapalestine.be\/wp-content\/uploads\/2023\/07\/Apres-une-manifestation-palestinienne-contre-la-repression-par-lAutorite-palestinienne-de-la-resistance-palestinienne-a-Naplouse-en-septembre-2022.jpg\" alt=\"Apr\u00e8s une manifestation palestinienne contre la r\u00e9pression par l\u2019Autorit\u00e9 palestinienne de la r\u00e9sistance palestinienne \u00e0 Naplouse, en septembre 2022\" width=\"800\" height=\"486\"><p id=\"caption-attachment-57906\" class=\"wp-caption-text\"><strong>Apr\u00e8s une manifestation palestinienne contre la r\u00e9pression par l\u2019Autorit\u00e9 palestinienne de la r\u00e9sistance palestinienne \u00e0 Naplouse, en septembre 2022 <\/strong>(Photo : Shadi Jarar\u2019ah \/ APA images)<strong><br \/><\/strong><\/p><\/div>\n<p>&nbsp;<\/p>\n<p><a href=\"https:\/\/charleroi-pourlapalestine.be\/index.php\/tag\/asa-winstanley\/\"><strong>Asa Winstanley, <\/strong><\/a>4 juillet 2023<\/p>\n<p>&nbsp;<\/p>\n<p>La semaine derni\u00e8re, les organes de presse isra\u00e9liens ont rapport\u00e9 que Netanyahou <a href=\"https:\/\/www.i24news.tv\/en\/news\/middle-east\/palestinian-territories\/1687763849-netanyahu-says-israel-needs-palestinian-authority-to-function-report\" target=\"_blank\" rel=\"noopener\">avait dit<\/a> \u00e0 une session \u00e0 huis clos d\u2019une commission parlementaire que, partout, l\u2019Autorit\u00e9 palestinienne <em>\u00ab travaille avec succ\u00e8s, elle fait notre travail \u00e0 notre place \u00bb.<\/em><\/p>\n<p>Il s\u2019agit d\u2019une admission on ne peut plus crue par Isra\u00ebl de ce que l\u2019Autorit\u00e9 palestinienne est une entit\u00e9 collaborationniste, dont le principal but \u00e9tait de contribuer \u00e0 pr\u00e9server l\u2019occupation isra\u00e9lienne de la Cisjordanie.<\/p>\n<p>Comme l\u2019a expliqu\u00e9 la cha\u00eene satellite isra\u00e9lienne i24 dans son rapport sur cette affirmation de Netanyahou, bien qu\u2019il y ait presque chaque jour des actions de r\u00e9sistance palestinienne dans le nord de la Cisjordanie, comme \u00e0 J\u00e9nine et \u00e0 Naplouse, la r\u00e9sistance arm\u00e9e dans les zones comme Ramallah et Bethl\u00e9em est relativement rare.<\/p>\n<p>Pourquoi ?<\/p>\n<p><em>\u00ab Partout o\u00f9 l\u2019Autorit\u00e9 palestinienne est forte et visible \u00bb<\/em>, expliquait i24, <em>\u00ab les choses sont relativement calmes. Partout o\u00f9 elle est faible et peu visible, la terreur [sic] surgit. \u00bb<\/em><\/p>\n<p><strong>&nbsp;<\/strong><\/p>\n<div class=\"video-container\"><iframe loading=\"lazy\" title=\"The history of the Palestinian Authority and other collaborators \u200bwith Joseph Massad | EI Podcast\" width=\"500\" height=\"281\" src=\"https:\/\/www.youtube.com\/embed\/SPSLI4c-Je4?feature=oembed&#038;wmode=opaque\" frameborder=\"0\" allow=\"accelerometer; autoplay; clipboard-write; encrypted-media; gyroscope; picture-in-picture; web-share\" referrerpolicy=\"strict-origin-when-cross-origin\" allowfullscreen><\/iframe><\/div>\n<p>&nbsp;<\/p>\n<p>Tr\u00e8s fr\u00e9quemment, l\u2019Autorit\u00e9 palestinienne arr\u00eate, torture et emprisonne des combattants de la r\u00e9sistance palestinienne, des activistes, voire des journalistes, rendant ainsi le travail d\u2019Isra\u00ebl bien plus facile.<\/p>\n<p>En septembre dernier, un Palestinien a \u00e9t\u00e9 tu\u00e9 au moment o\u00f9 les forces s\u00e9curitaires de l\u2019Autorit\u00e9 palestinienne ont effectu\u00e9 un raid dans la ville de Naplouse, en Cisjordanie occup\u00e9e, afin de se livrer pour le compte d\u2019Isra\u00ebl \u00e0 des arrestations de combattants de la r\u00e9sistance. Il s\u2019en est suivi de larges protestations<\/p>\n<p>De vastes pans de la Cisjordanie ont \u00e9t\u00e9 quasiment ingouvernables pendant longtemps.<\/p>\n<p>Lors de la s\u00e9ance de la commission, Netanyahou avait discut\u00e9 de l\u2019avenir de l\u2019Autorit\u00e9 palestinienne. Le chef non \u00e9lu de cette m\u00eame Autorit\u00e9 palestinienne, Mahmoud Abbas, qui est massivement impopulaire aupr\u00e8s des Palestiniens, a aujourd\u2019hui 87 ans et il n\u2019a pas de successeur bien d\u00e9fini.<\/p>\n<p>On a longtemps craint que l\u2019Autorit\u00e9 palestinienne ne s\u2019effondre, \u00e0 son d\u00e9c\u00e8s. Mais le gouvernement isra\u00e9lien est bien d\u00e9cid\u00e9 \u00e0 ce que cela n\u2019arrive pas.<\/p>\n<p><em>\u00ab Nous sommes pr\u00eats \u00e0 l\u2019aider financi\u00e8rement \u00bb<\/em>, a dit Netanyahou \u00e0 la commission. Isra\u00ebl <em>\u00ab se pr\u00e9pare pour les jours qui viendront apr\u00e8s Abou Mazen \u00bb,<\/em> aurait dit Netanyahou, faisant allusion du nom de guerre paternaliste de Mahmoud Abbas.<\/p>\n<p>&nbsp;<\/p>\n<div id=\"attachment_57911\" style=\"width: 810px\" class=\"wp-caption aligncenter\"><img loading=\"lazy\" decoding=\"async\" aria-describedby=\"caption-attachment-57911\" class=\"wp-image-57911 size-full\" src=\"https:\/\/charleroi-pourlapalestine.be\/wp-content\/uploads\/2023\/07\/Dans-lattente-des-elections-au-conseil-estudiantin-de-lUniversite-de-Birzeit-en-Cisjordanie-les-etudiants-palestiniens-brandissent-des-portraits-de-Nizar-Banat-le-17-mai-2022.jpg\" alt=\"Dans l\u2019attente des \u00e9lections au conseil estudiantin de l\u2019Universit\u00e9 de Birzeit en Cisjordanie, les \u00e9tudiants palestiniens brandissent des portraits de Nizar Banat, le 17 mai 2022.\" width=\"800\" height=\"533\"><p id=\"caption-attachment-57911\" class=\"wp-caption-text\"><strong>Dans l\u2019attente des \u00e9lections au conseil estudiantin de l\u2019Universit\u00e9 de Birzeit en Cisjordanie, les \u00e9tudiants palestiniens brandissent des portraits de Nizar Banat, le 17 mai 2022.<\/strong> (Photo : Eyad Jadallah \/ APA images)<\/p><\/div>\n<p>&nbsp;<\/p>\n<p>Depuis sa cr\u00e9ation en 1994, l\u2019Autorit\u00e9 palestinienne constitue une force collaborationniste brutale.<\/p>\n<p>Abbas a un jour d\u00e9crit la collaboration s\u00e9curitaire avec Isra\u00ebl comme<em> \u00ab sacr\u00e9e \u00bb.<\/em><\/p>\n<p>En 2021, il y a eu plusieurs semaines de protestations apr\u00e8s que les nervis d\u2019Abbas avaient battu \u00e0 mort l\u2019un de ses plus \u00e9minents d\u00e9tracteurs,<strong> Nizar Banat,<\/strong> dont les vid\u00e9os influentes sur Facebook d\u00e9non\u00e7aient souvent la collaboration.<\/p>\n<p>En mai dernier, \u00e0 la suite d\u2019une fuite, <em>The Electronic Intifada<\/em> r\u00e9v\u00e9lait des documents qui montraient<strong> l\u2019ampleur de la p\u00e9n\u00e9tration des services de renseignement britanniques au sein des forces arm\u00e9es de l\u2019Autorit\u00e9 palestinienne<\/strong>, y compris les <em>\u00ab directives journali\u00e8res \u00bb<\/em> \u00e9manant d\u2019un officier de l\u2019arm\u00e9e britannique.<\/p>\n<p>D\u2019apr\u00e8s le compte rendu de l\u2019un des officiers de l\u2019arm\u00e9e britannique qui supervisaient l\u2019Autorit\u00e9 palestinienne, ils \u00e9taient pr\u00e9par\u00e9s \u00e0 mener des <em>\u00ab raids dans les camps de r\u00e9fugi\u00e9s palestiniens \u00bb,<\/em> dont ils pr\u00e9tendaient qu\u2019ils \u00e9taient <em>\u00ab des refuges sans loi pour les criminels et les activistes politiques arm\u00e9s \u00bb.<\/em><\/p>\n<div class=\"entry-content\">\n<p style=\"text-align: center;\">***<\/p>\n<\/div>\n<p><img loading=\"lazy\" decoding=\"async\" class=\"alignleft wp-image-31734 size-thumbnail\" src=\"https:\/\/charleroi-pourlapalestine.be\/wp-content\/uploads\/2021\/11\/Joseph-Massad-150x150.jpg\" sizes=\"auto, (max-width: 150px) 100vw, 150px\" srcset=\"https:\/\/charleroi-pourlapalestine.be\/wp-content\/uploads\/2021\/11\/Joseph-Massad-150x150.jpg 150w, https:\/\/charleroi-pourlapalestine.be\/wp-content\/uploads\/2021\/11\/Joseph-Massad-80x80.jpg 80w\" alt=\"\" width=\"150\" height=\"150\"><strong>Joseph Massad<\/strong> est professeur de politique arabe moderne et d\u2019histoire intellectuelle \u00e0 l\u2019universit\u00e9 Columbia de New York. Il est l\u2019auteur de nombreux livres et articles universitaires et journalistiques. Parmi ses livres figurent <strong>Colonial Effects : The Making of National Identity in Jordan, Desiring Arabs, The Persistence of the Palestinian Question : Essais sur le sionisme et les Palestiniens,<\/strong> et plus r\u00e9cemment<strong> Islam in Liberalism<\/strong>. Citons, comme traduction en fran\u00e7ais, le livre<strong> La Persistance de la question palestinienne<\/strong>, La Fabrique, 2009.<\/p>\n<p style=\"text-align: center;\">*****<\/p>\n<p><strong>Asa Winstanley<\/strong> est un journaliste freelance install\u00e9 \u00e0 <strong>Londres <\/strong>et qui a v\u00e9cu en <strong>Palestine occup\u00e9e<\/strong>, o\u00f9 il a r\u00e9alis\u00e9 des reportages. Son premier ouvrage : <strong>Corporate Complicity in Israel\u2019s Occupation<\/strong> (La complicit\u00e9 des soci\u00e9t\u00e9s dans l\u2019occupation isra\u00e9lienn e) a \u00e9t\u00e9 publi\u00e9 chez <strong>Pluto Press<\/strong>. Sa rubrique <em><strong>Palestine is Still the Issue<\/strong> (La Palestine constitue toujours la question)<\/em> est publi\u00e9e chaque mois. Son site <strong>Internet<\/strong> est le suivant :<strong> <a href=\"http:\/\/www.winstanleys.org\/\">www.winstanleys.org<\/a><\/strong><\/p>\n<p style=\"text-align: center;\">*****<\/p>\n<p>Publi\u00e9 le 4juillet 2022 sur <a href=\"https:\/\/electronicintifada.net\/blogs\/asa-winstanley\/palestinian-authority-does-our-job-us-says-netanyahu\" target=\"_blank\" rel=\"noopener\">The Electronic Intifada<\/a><br \/>\nTraduction : Jean-Marie Fl\u00e9mal, <a href=\"https:\/\/charleroi-pourlapalestine.be\/\">Charleroi pour la Palestine<\/a><\/p>\n<p style=\"text-align: center;\">*****<\/p>\n<p>Retrouvez aussi cette info dans l&rsquo;article <a href=\"https:\/\/charleroi-pourlapalestine.be\/index.php\/2023\/07\/04\/jenine-se-souleve-la-resistance-palestinienne-affronte-lagression-sioniste-soutenue-par-limperialisme\/\"><strong>J\u00e9nine se soul\u00e8ve : la r\u00e9sistance palestinienne affronte l\u2019agression sioniste soutenue par l\u2019imp\u00e9rialisme<\/strong><\/a><\/p>\n<p>Alors que l\u2019assaut sioniste et la direction fasciste du r\u00e9gime sont soutenus par les forces imp\u00e9rialistes, l\u2019Autorit\u00e9 palestinienne est rest\u00e9e soumise, publiant des d\u00e9clarations de condamnation tout en ordonnant \u00e0 ses forces de s\u00e9curit\u00e9 de se tenir \u00e0 l\u2019\u00e9cart et de permettre aux forces d\u2019occupation d\u2019envahir et de se d\u00e9cha\u00eener contre J\u00e9nine. Les forces de l\u2019Autorit\u00e9 palestinienne ont m\u00eame <a href=\"https:\/\/qudsn.co\/post\/199071\/%D8%A3%D8%B9%D9%84%D9%86-%D8%A5%D8%B6%D8%B1%D8%A7%D8%A8%D9%87-%D8%B9%D9%86-%D8%A7%D9%84%D8%B7%D8%B9%D8%A7%D9%85-%D8%A7%D9%84%D8%A3%D8%AC%D9%87%D8%B2%D8%A9-%D8%A7%D9%84%D8%A3%D9%85%D9%86%D9%8A%D8%A9-%D8%AA%D8%AD%D9%88%D9%84-%D9%82%D8%A7%D8%A6%D8%AF-%D9%83%D8%AA%D9%8A%D8%A8%D8%A9-%D8%AC%D8%A8%D8%B9-%D9%85%D8%B1%D8%A7%D8%AF-%D9%85%D9%84%D8%A7%D9%8A%D8%B4%D8%A9-%D8%A5\">arr\u00eat\u00e9 Murad Malaysheh<\/a> et <strong>Mohammed Brahmeh<\/strong>, chefs des <strong>Brigades Al-Qods<\/strong>, alors qu\u2019ils <strong>tentaient de se rendre \u00e0 J\u00e9nine pour soutenir la r\u00e9sistance<\/strong>. Malgr\u00e9 les affirmations de l\u2019Autorit\u00e9 palestinienne selon lesquelles elle prot\u00e8ge Malaysheh, il refuse son arrestation et a entam\u00e9 une gr\u00e8ve de la faim pour sa lib\u00e9ration. L\u2019AP a \u00e9t\u00e9 cr\u00e9\u00e9e dans le cadre des accords d\u2019Oslo pour servir de mandataire \u00e0 l\u2019occupation et pour s\u2019engager dans la coordination s\u00e9curitaire, et non pour repr\u00e9senter ou d\u00e9fendre le peuple palestinien \u2013 et ces moments r\u00e9v\u00e8lent cette r\u00e9alit\u00e9 avec une clart\u00e9 exceptionnelle.<\/p>\n<p style=\"text-align: center;\">*****<\/p>\n<p>Extrait de l&rsquo;article<a href=\"https:\/\/electronicintifada.net\/blogs\/maureen-clare-murphy\/israels-rampage-jenin-changes-nothing\"><strong> Le d\u00e9cha\u00eenement d\u2019Isra\u00ebl \u00e0 J\u00e9nine ne change rien&nbsp;<\/strong><\/a><\/p>\n<p>L\u2019espoir du ministre isra\u00e9lien de la d\u00e9fense, Galant, que l\u2019incursion \u00e0 J\u00e9nine allait donner un bon coup de pouce \u00e0 l\u2019Autorit\u00e9 palestinienne, qui a perdu depuis longtemps le contr\u00f4le de la ville, a certainement \u00e9t\u00e9 r\u00e9duit en pi\u00e8ces mercredi. Un reportage en direct d\u2019<em>Al Jazeera<\/em> en arabe a montr\u00e9 des gens en deuil qui chassaient des fonctionnaires du gouvernement de Ramallah d\u2019un vaste cort\u00e8ge fun\u00e8bre en l\u2019honneur des tu\u00e9s :<\/p>\n<p>https:\/\/twitter.com\/ShehabAgency\/status\/1676542818943225856?ref_src=twsrc%5Etfw%7Ctwcamp%5Etweetembed%7Ctwterm%5E1676542818943225856%7Ctwgr%5E296c263e31ced8dc88f575a3a027c3ffd60f4e08%7Ctwcon%5Es1_&#038;ref_url=https%3A%2F%2Felectronicintifada.net%2Fblogs%2Fmaureen-clare-murphy%2Fisraels-rampage-jenin-changes-nothing<\/p>\n<div class=\"twitter-tweet twitter-tweet-rendered\">&nbsp;<\/div>\n<p>https:\/\/twitter.com\/ShehabAgency\/status\/1676557503843258369?ref_src=twsrc%5Etfw%7Ctwcamp%5Etweetembed%7Ctwterm%5E1676557503843258369%7Ctwgr%5E296c263e31ced8dc88f575a3a027c3ffd60f4e08%7Ctwcon%5Es1_&#038;ref_url=https%3A%2F%2Felectronicintifada.net%2Fblogs%2Fmaureen-clare-murphy%2Fisraels-rampage-jenin-changes-nothing<\/p>\n<p>&nbsp;<\/p>\n<p>Plut\u00f4t que de renforcer l\u2019Autorit\u00e9 palestinienne \u2013 qui a \u00e9t\u00e9 incapable de prot\u00e9ger les gens \u00e0 J\u00e9nine, de la m\u00eame mani\u00e8re qu\u2019elle a \u00e9t\u00e9 incapable de les prot\u00e9ger lors des r\u00e9cents pogroms des colons \u2013 le raid isra\u00e9lien n\u2019a fait qu\u2019illustrer sa faiblesse et enhardir les Palestiniens \u00e0 lui t\u00e9moigner tout leur m\u00e9pris.<\/p>\n<p>Ghassan Khatib, commentateur et ancien ministre palestinien, a d\u00e9clar\u00e9 que <em>\u00ab l\u2019une des victimes de l\u2019invasion isra\u00e9lienne de J\u00e9nine n\u2019est autre que l\u2019Autorit\u00e9 palestinienne, qui s\u2019en trouve plus marginalis\u00e9e encore \u00bb.<\/em><\/p>\n<p>La publication en ligne <em>Middle East Eye<\/em> a rapport\u00e9 mercredi que<\/p>\n<blockquote><p>\u00ab un sentiment palpable de col\u00e8re pouvait \u00eatre per\u00e7u dans les rues de J\u00e9nine (\u2026) avec de nombreuses personnes qui croyaient que l\u2019AP avait \u00e9t\u00e9 n\u00e9gligente et incapable de prot\u00e9ger les Palestiniens. \u00bb<\/p><\/blockquote>\n<p>&nbsp;<\/p>\n","protected":false},"excerpt":{"rendered":"<p>\u00ab Nous avons besoin de l\u2019Autorit\u00e9 palestinienne \u00bb, affirme le Premier ministre isra\u00e9lien Benjamin Netanyahou. \u00ab Nous ne pouvons la laisser s\u2019\u00e9crouler. \u00bb &nbsp; &nbsp; Asa Winstanley, 4 juillet 2023 &nbsp; La semaine derni\u00e8re, les organes de presse isra\u00e9liens ont rapport\u00e9 que Netanyahou avait dit&#46;&#46;&#46;<\/p>\n","protected":false},"author":1,"featured_media":0,"parent":0,"menu_order":0,"comment_status":"closed","ping_status":"closed","template":"","meta":{"ngg_post_thumbnail":0,"footnotes":""},"class_list":["post-57899","page","type-page","status-publish","hentry"],"yoast_head":"<!-- This site is optimized with the Yoast SEO plugin v27.3 - https:\/\/yoast.com\/product\/yoast-seo-wordpress\/ -->\n<title>L\u2019Autorit\u00e9 palestinienne \u00ab fait notre travail \u00e0 notre place \u00bb, affirme Netanyahou<\/title>\n<meta name=\"description\" content=\"\u00ab Nous avons besoin de l\u2019Autorit\u00e9 palestinienne \u00bb, affirme le Premier ministre isra\u00e9lien Benjamin Netanyahou. \u00ab Nous ne pouvons la laisser s\u2019\u00e9crouler. \u00bb\" \/>\n<meta name=\"robots\" content=\"index, follow, max-snippet:-1, max-image-preview:large, max-video-preview:-1\" \/>\n<link rel=\"canonical\" href=\"https:\/\/charleroi-pourlapalestine.be\/index.php\/l-autorite-palestinienne-fait-notre-travail-a-notre-place-affirme-netanyahou\/\" \/>\n<script type=\"application\/ld+json\" class=\"yoast-schema-graph\">{\"@context\":\"https:\\\/\\\/schema.org\",\"@graph\":[{\"@type\":\"WebPage\",\"@id\":\"https:\\\/\\\/charleroi-pourlapalestine.be\\\/index.php\\\/l-autorite-palestinienne-fait-notre-travail-a-notre-place-affirme-netanyahou\\\/\",\"url\":\"https:\\\/\\\/charleroi-pourlapalestine.be\\\/index.php\\\/l-autorite-palestinienne-fait-notre-travail-a-notre-place-affirme-netanyahou\\\/\",\"name\":\"L\u2019Autorit\u00e9 palestinienne \u00ab fait notre travail \u00e0 notre place \u00bb, affirme Netanyahou\",\"isPartOf\":{\"@id\":\"https:\\\/\\\/charleroi-pourlapalestine.be\\\/#website\"},\"primaryImageOfPage\":{\"@id\":\"https:\\\/\\\/charleroi-pourlapalestine.be\\\/index.php\\\/l-autorite-palestinienne-fait-notre-travail-a-notre-place-affirme-netanyahou\\\/#primaryimage\"},\"image\":{\"@id\":\"https:\\\/\\\/charleroi-pourlapalestine.be\\\/index.php\\\/l-autorite-palestinienne-fait-notre-travail-a-notre-place-affirme-netanyahou\\\/#primaryimage\"},\"thumbnailUrl\":\"https:\\\/\\\/charleroi-pourlapalestine.be\\\/wp-content\\\/uploads\\\/2023\\\/07\\\/Apres-une-manifestation-palestinienne-contre-la-repression-par-lAutorite-palestinienne-de-la-resistance-palestinienne-a-Naplouse-en-septembre-2022.jpg\",\"datePublished\":\"2023-07-08T06:51:28+00:00\",\"dateModified\":\"2023-07-08T06:51:32+00:00\",\"description\":\"\u00ab Nous avons besoin de l\u2019Autorit\u00e9 palestinienne \u00bb, affirme le Premier ministre isra\u00e9lien Benjamin Netanyahou. \u00ab Nous ne pouvons la laisser s\u2019\u00e9crouler. \u00bb\",\"breadcrumb\":{\"@id\":\"https:\\\/\\\/charleroi-pourlapalestine.be\\\/index.php\\\/l-autorite-palestinienne-fait-notre-travail-a-notre-place-affirme-netanyahou\\\/#breadcrumb\"},\"inLanguage\":\"fr-FR\",\"potentialAction\":[{\"@type\":\"ReadAction\",\"target\":[\"https:\\\/\\\/charleroi-pourlapalestine.be\\\/index.php\\\/l-autorite-palestinienne-fait-notre-travail-a-notre-place-affirme-netanyahou\\\/\"]}]},{\"@type\":\"ImageObject\",\"inLanguage\":\"fr-FR\",\"@id\":\"https:\\\/\\\/charleroi-pourlapalestine.be\\\/index.php\\\/l-autorite-palestinienne-fait-notre-travail-a-notre-place-affirme-netanyahou\\\/#primaryimage\",\"url\":\"\",\"contentUrl\":\"\"},{\"@type\":\"BreadcrumbList\",\"@id\":\"https:\\\/\\\/charleroi-pourlapalestine.be\\\/index.php\\\/l-autorite-palestinienne-fait-notre-travail-a-notre-place-affirme-netanyahou\\\/#breadcrumb\",\"itemListElement\":[{\"@type\":\"ListItem\",\"position\":1,\"name\":\"Accueil\",\"item\":\"https:\\\/\\\/charleroi-pourlapalestine.be\\\/\"},{\"@type\":\"ListItem\",\"position\":2,\"name\":\"L\u2019Autorit\u00e9 palestinienne \u00ab fait notre travail \u00e0 notre place \u00bb, affirme Netanyahou\"}]},{\"@type\":\"WebSite\",\"@id\":\"https:\\\/\\\/charleroi-pourlapalestine.be\\\/#website\",\"url\":\"https:\\\/\\\/charleroi-pourlapalestine.be\\\/\",\"name\":\"Charleroi Pour la Palestine\",\"description\":\"\",\"publisher\":{\"@id\":\"https:\\\/\\\/charleroi-pourlapalestine.be\\\/#organization\"},\"potentialAction\":[{\"@type\":\"SearchAction\",\"target\":{\"@type\":\"EntryPoint\",\"urlTemplate\":\"https:\\\/\\\/charleroi-pourlapalestine.be\\\/?s={search_term_string}\"},\"query-input\":{\"@type\":\"PropertyValueSpecification\",\"valueRequired\":true,\"valueName\":\"search_term_string\"}}],\"inLanguage\":\"fr-FR\"},{\"@type\":\"Organization\",\"@id\":\"https:\\\/\\\/charleroi-pourlapalestine.be\\\/#organization\",\"name\":\"Plate-forme Charleroi-Palestine\",\"url\":\"https:\\\/\\\/charleroi-pourlapalestine.be\\\/\",\"logo\":{\"@type\":\"ImageObject\",\"inLanguage\":\"fr-FR\",\"@id\":\"https:\\\/\\\/charleroi-pourlapalestine.be\\\/#\\\/schema\\\/logo\\\/image\\\/\",\"url\":\"https:\\\/\\\/charleroi-pourlapalestine.be\\\/wp-content\\\/uploads\\\/2020\\\/01\\\/logo-Copy.jpg\",\"contentUrl\":\"https:\\\/\\\/charleroi-pourlapalestine.be\\\/wp-content\\\/uploads\\\/2020\\\/01\\\/logo-Copy.jpg\",\"width\":180,\"height\":180,\"caption\":\"Plate-forme Charleroi-Palestine\"},\"image\":{\"@id\":\"https:\\\/\\\/charleroi-pourlapalestine.be\\\/#\\\/schema\\\/logo\\\/image\\\/\"},\"sameAs\":[\"https:\\\/\\\/www.facebook.com\\\/PlateformeCharleroiPalestine\\\/\",\"https:\\\/\\\/x.com\\\/LaCharleroi\"]}]}<\/script>\n<!-- \/ Yoast SEO plugin. -->","yoast_head_json":{"title":"L\u2019Autorit\u00e9 palestinienne \u00ab fait notre travail \u00e0 notre place \u00bb, affirme Netanyahou","description":"\u00ab Nous avons besoin de l\u2019Autorit\u00e9 palestinienne \u00bb, affirme le Premier ministre isra\u00e9lien Benjamin Netanyahou. \u00ab Nous ne pouvons la laisser s\u2019\u00e9crouler. \u00bb","robots":{"index":"index","follow":"follow","max-snippet":"max-snippet:-1","max-image-preview":"max-image-preview:large","max-video-preview":"max-video-preview:-1"},"canonical":"https:\/\/charleroi-pourlapalestine.be\/index.php\/l-autorite-palestinienne-fait-notre-travail-a-notre-place-affirme-netanyahou\/","schema":{"@context":"https:\/\/schema.org","@graph":[{"@type":"WebPage","@id":"https:\/\/charleroi-pourlapalestine.be\/index.php\/l-autorite-palestinienne-fait-notre-travail-a-notre-place-affirme-netanyahou\/","url":"https:\/\/charleroi-pourlapalestine.be\/index.php\/l-autorite-palestinienne-fait-notre-travail-a-notre-place-affirme-netanyahou\/","name":"L\u2019Autorit\u00e9 palestinienne \u00ab fait notre travail \u00e0 notre place \u00bb, affirme Netanyahou","isPartOf":{"@id":"https:\/\/charleroi-pourlapalestine.be\/#website"},"primaryImageOfPage":{"@id":"https:\/\/charleroi-pourlapalestine.be\/index.php\/l-autorite-palestinienne-fait-notre-travail-a-notre-place-affirme-netanyahou\/#primaryimage"},"image":{"@id":"https:\/\/charleroi-pourlapalestine.be\/index.php\/l-autorite-palestinienne-fait-notre-travail-a-notre-place-affirme-netanyahou\/#primaryimage"},"thumbnailUrl":"https:\/\/charleroi-pourlapalestine.be\/wp-content\/uploads\/2023\/07\/Apres-une-manifestation-palestinienne-contre-la-repression-par-lAutorite-palestinienne-de-la-resistance-palestinienne-a-Naplouse-en-septembre-2022.jpg","datePublished":"2023-07-08T06:51:28+00:00","dateModified":"2023-07-08T06:51:32+00:00","description":"\u00ab Nous avons besoin de l\u2019Autorit\u00e9 palestinienne \u00bb, affirme le Premier ministre isra\u00e9lien Benjamin Netanyahou. \u00ab Nous ne pouvons la laisser s\u2019\u00e9crouler. \u00bb","breadcrumb":{"@id":"https:\/\/charleroi-pourlapalestine.be\/index.php\/l-autorite-palestinienne-fait-notre-travail-a-notre-place-affirme-netanyahou\/#breadcrumb"},"inLanguage":"fr-FR","potentialAction":[{"@type":"ReadAction","target":["https:\/\/charleroi-pourlapalestine.be\/index.php\/l-autorite-palestinienne-fait-notre-travail-a-notre-place-affirme-netanyahou\/"]}]},{"@type":"ImageObject","inLanguage":"fr-FR","@id":"https:\/\/charleroi-pourlapalestine.be\/index.php\/l-autorite-palestinienne-fait-notre-travail-a-notre-place-affirme-netanyahou\/#primaryimage","url":"","contentUrl":""},{"@type":"BreadcrumbList","@id":"https:\/\/charleroi-pourlapalestine.be\/index.php\/l-autorite-palestinienne-fait-notre-travail-a-notre-place-affirme-netanyahou\/#breadcrumb","itemListElement":[{"@type":"ListItem","position":1,"name":"Accueil","item":"https:\/\/charleroi-pourlapalestine.be\/"},{"@type":"ListItem","position":2,"name":"L\u2019Autorit\u00e9 palestinienne \u00ab fait notre travail \u00e0 notre place \u00bb, affirme Netanyahou"}]},{"@type":"WebSite","@id":"https:\/\/charleroi-pourlapalestine.be\/#website","url":"https:\/\/charleroi-pourlapalestine.be\/","name":"Charleroi Pour la Palestine","description":"","publisher":{"@id":"https:\/\/charleroi-pourlapalestine.be\/#organization"},"potentialAction":[{"@type":"SearchAction","target":{"@type":"EntryPoint","urlTemplate":"https:\/\/charleroi-pourlapalestine.be\/?s={search_term_string}"},"query-input":{"@type":"PropertyValueSpecification","valueRequired":true,"valueName":"search_term_string"}}],"inLanguage":"fr-FR"},{"@type":"Organization","@id":"https:\/\/charleroi-pourlapalestine.be\/#organization","name":"Plate-forme Charleroi-Palestine","url":"https:\/\/charleroi-pourlapalestine.be\/","logo":{"@type":"ImageObject","inLanguage":"fr-FR","@id":"https:\/\/charleroi-pourlapalestine.be\/#\/schema\/logo\/image\/","url":"https:\/\/charleroi-pourlapalestine.be\/wp-content\/uploads\/2020\/01\/logo-Copy.jpg","contentUrl":"https:\/\/charleroi-pourlapalestine.be\/wp-content\/uploads\/2020\/01\/logo-Copy.jpg","width":180,"height":180,"caption":"Plate-forme Charleroi-Palestine"},"image":{"@id":"https:\/\/charleroi-pourlapalestine.be\/#\/schema\/logo\/image\/"},"sameAs":["https:\/\/www.facebook.com\/PlateformeCharleroiPalestine\/","https:\/\/x.com\/LaCharleroi"]}]}},"_links":{"self":[{"href":"https:\/\/charleroi-pourlapalestine.be\/index.php\/wp-json\/wp\/v2\/pages\/57899","targetHints":{"allow":["GET"]}}],"collection":[{"href":"https:\/\/charleroi-pourlapalestine.be\/index.php\/wp-json\/wp\/v2\/pages"}],"about":[{"href":"https:\/\/charleroi-pourlapalestine.be\/index.php\/wp-json\/wp\/v2\/types\/page"}],"author":[{"embeddable":true,"href":"https:\/\/charleroi-pourlapalestine.be\/index.php\/wp-json\/wp\/v2\/users\/1"}],"replies":[{"embeddable":true,"href":"https:\/\/charleroi-pourlapalestine.be\/index.php\/wp-json\/wp\/v2\/comments?post=57899"}],"version-history":[{"count":0,"href":"https:\/\/charleroi-pourlapalestine.be\/index.php\/wp-json\/wp\/v2\/pages\/57899\/revisions"}],"wp:attachment":[{"href":"https:\/\/charleroi-pourlapalestine.be\/index.php\/wp-json\/wp\/v2\/media?parent=57899"}],"curies":[{"name":"wp","href":"https:\/\/api.w.org\/{rel}","templated":true}]}}